{"id":9,"date":"2025-06-12T15:19:25","date_gmt":"2025-06-12T13:19:25","guid":{"rendered":"https:\/\/geobiologue-neoevolutionterre.com\/?page_id=9"},"modified":"2026-04-26T16:24:46","modified_gmt":"2026-04-26T14:24:46","slug":"accueil","status":"publish","type":"page","link":"https:\/\/geobiologue-neoevolutionterre.com\/","title":{"rendered":"Accueil"},"content":{"rendered":"\n<figure class=\"wp-block-video\"><video height=\"1080\" style=\"aspect-ratio: 1920 \/ 1080;\" width=\"1920\" controls src=\"https:\/\/geobiologue-neoevolutionterre.com\/wp-content\/uploads\/2025\/06\/Decouvrir-la-Geobiologie-daujourdhui-Formation-NeoEvolutionTerre-1.mp4\" playsinline><\/video><\/figure>\n\n\n\n<h1 class=\"wp-block-heading\">Bienvenue sur le site de Pierre Michel Fioux<\/h1>\n\n\n\n<div class=\"wp-block-columns is-layout-flex wp-container-core-columns-is-layout-28f84493 wp-block-columns-is-layout-flex\">\n<div class=\"wp-block-column is-layout-flow wp-block-column-is-layout-flow\"><div class=\"wp-block-image is-style-rounded\">\n<figure class=\"aligncenter size-medium is-resized\"><img loading=\"lazy\" decoding=\"async\" width=\"297\" height=\"300\" src=\"https:\/\/geobiologue-neoevolutionterre.com\/wp-content\/uploads\/2025\/06\/Pierre-michel-Presentation-297x300.jpg\" alt=\"\" class=\"wp-image-37\" style=\"width:185px;height:auto\" srcset=\"https:\/\/geobiologue-neoevolutionterre.com\/wp-content\/uploads\/2025\/06\/Pierre-michel-Presentation-297x300.jpg 297w, https:\/\/geobiologue-neoevolutionterre.com\/wp-content\/uploads\/2025\/06\/Pierre-michel-Presentation.jpg 765w\" sizes=\"auto, (max-width: 297px) 100vw, 297px\" \/><\/figure>\n<\/div><\/div>\n\n\n\n<div class=\"wp-block-column is-layout-flow wp-block-column-is-layout-flow\">\n<h2 class=\"wp-block-heading\" id=\"une-vision-nouvelle-pour-une-terre-en-evolution\" id=\"une-vision-nouvelle-pour-une-terre-en-evolution\" id=\"une-vision-nouvelle-pour-une-terre-en-evolution\">Une vision nouvelle pour une Terre en \u00e9volution<\/h2>\n\n\n\n<p>Je suis <strong>Pierre Michel Fioux<\/strong>, accompagnant, formateur et explorateur de conscience au service de l\u2019humain et du vivant. \u00c0 travers <strong>N\u00e9oEvolutionTerre-Academy<\/strong>\u00ae je vous propose un chemin d\u2019\u00e9veil et de transformation profonde, pour construire ensemble un monde plus conscient, plus libre, plus align\u00e9 avec les lois du vivant.<\/p>\n<\/div>\n<\/div>\n\n\n\n<h2 class=\"wp-block-heading\" id=\"qui-suis-je\">Qui suis-je ?<\/h2>\n\n\n\n<p>Je suis \u00e9nerg\u00e9ticien, g\u00e9obiologue, radiesth\u00e9siste, formateur et florath\u00e9rapeute (\u00e9lixirs de Bach) <br>Instructeur Shuta\u00efdo et fondateur de la <strong>G\u00e9obiologie N\u00e9o\u00c9volutionTerre-Academy\u00ae<\/strong><\/p>\n\n\n\n<div class=\"wp-block-columns is-layout-flex wp-container-core-columns-is-layout-28f84493 wp-block-columns-is-layout-flex\">\n<div class=\"wp-block-column is-layout-flow wp-block-column-is-layout-flow\" style=\"flex-basis:33.33%\">\n<figure class=\"wp-block-image size-full\"><img loading=\"lazy\" decoding=\"async\" width=\"200\" height=\"170\" src=\"https:\/\/geobiologue-neoevolutionterre.com\/wp-content\/uploads\/2025\/06\/jeune-pousse.jpg\" alt=\"\" class=\"wp-image-41\" style=\"aspect-ratio:16\/9;object-fit:cover\"\/><\/figure>\n<\/div>\n\n\n\n<div class=\"wp-block-column is-layout-flow wp-block-column-is-layout-flow\" style=\"flex-basis:66.66%\">\n<p>Passionn\u00e9 depuis plus de 20 ans par les dimensions subtiles de l\u2019\u00eatre humain, je me suis form\u00e9 \u00e0 diverses approches de d\u00e9veloppement personnel, \u00e9nerg\u00e9tique, transpersonnel et syst\u00e9mique. Mon parcours est celui d\u2019un chercheur de sens, d\u2019un b\u00e2tisseur de ponts entre science, spiritualit\u00e9, et \u00e9cologie int\u00e9rieure.<\/p>\n<\/div>\n<\/div>\n\n\n\n<p>Avec <strong>N\u00e9oEvolutionTerre-Academy<\/strong>\u00ae je vous invite \u00e0 retrouver votre pouvoir cr\u00e9ateur, votre souverainet\u00e9, et \u00e0 r\u00e9int\u00e9grer votre juste place dans le tissu vivant de la Terre.<\/p>\n\n\n\n<h2 class=\"wp-block-heading\" id=\"pourquoi-neoevolutionterre-academy\">Pourquoi N\u00e9oEvolutionTerre-Academy\u00ae?<\/h2>\n\n\n\n<p><strong>N\u00e9oEvolutionTerre<\/strong>\u00ae c\u2019est une proposition audacieuse et inspirante :<\/p>\n\n\n\n<ul class=\"wp-block-list\">\n<li><strong>Une nouvelle conscience<\/strong> : Sortir des anciens sch\u00e9mas pour accueillir une intelligence collective, reli\u00e9e et vibrante.<\/li>\n\n\n\n<li><strong>Un accompagnement sur mesure<\/strong> : Individuel, collectif, en pr\u00e9sentiel ou en ligne, selon votre besoin d\u2019\u00e9volution.<\/li>\n\n\n\n<li><strong>Des outils puissants<\/strong> : Activation de la m\u00e9moire cellulaire, \u00e9coute sensible, ancrage \u00e9nerg\u00e9tique, transmutation des blocages\u2026<\/li>\n\n\n\n<li><strong>Une vision int\u00e9grale<\/strong> : Corps, \u00e2me, esprit, lien au vivant, au cosmos, \u00e0 la Terre.<\/li>\n<\/ul>\n\n\n\n<h2 class=\"wp-block-heading\" id=\"ce-que-vous-allez-decouvrir-ici\">Ce que vous allez d\u00e9couvrir ici<\/h2>\n\n\n\n<ul class=\"wp-block-list\">\n<li>Des <strong>ateliers et stages<\/strong> pour vivre l\u2019exp\u00e9rience du changement<\/li>\n\n\n\n<li>Des <strong>rencontres et partages<\/strong> pour nourrir votre chemin<\/li>\n\n\n\n<li>Des <strong>ressources inspirantes<\/strong> pour ouvrir votre conscience<\/li>\n\n\n\n<li>Une <strong>communaut\u00e9<\/strong> en chemin vers un nouveau paradigme<\/li>\n<\/ul>\n\n\n\n<h2 class=\"wp-block-heading\" id=\"entrez-dans-lespace-de-neoevolutionterre-academy\">Entrez dans l\u2019espace de N\u00e9oEvolutionTerre-Academy\u00ae<\/h2>\n\n\n\n<p>Si vous ressentez l\u2019appel du changement, si vous avez soif d\u2019authenticit\u00e9, de v\u00e9rit\u00e9 int\u00e9rieure et d\u2019un monde plus juste, vous \u00eates au bon endroit.<\/p>\n\n\n\n<ul class=\"wp-block-list\">\n<li>Une reconversion pour retrouver le sourire dans le travail et donner du Bien-\u00eatre \u00e0 ceux qui sont dans un endroit G\u00e9opathogene et donc en mal \u00eatre<\/li>\n\n\n\n<li>Arrondir sa petite retraite sans \u00eatre &#8220;en re-trait&#8221; et sans s&#8217;alourdir financi\u00e8rement pour le faire<\/li>\n\n\n\n<li>Un travail qui nous permet d&#8217;\u00eatre chez soi et de rayonner partout sur l&#8217;ensemble de cette plan\u00e8te en fonction du bouche \u00e0 oreilles et de nos connaissances sans aucunes restrictions.<\/li>\n<\/ul>\n\n\n\n<p>Bienvenue dans ce mouvement vivant.<br>Bienvenue chez vous.<\/p>\n\n\n\n<blockquote class=\"wp-block-quote is-layout-flow wp-block-quote-is-layout-flow\">\n<p><strong>Pierre Michel Fioux<\/strong><br>Cr\u00e9ateur de N\u00e9oEvolutionTerre-Academy\u00ae\u2013 Co-initiateur d\u2019un monde en reliance<\/p>\n<\/blockquote>\n\n\n\n<p><\/p>\n","protected":false},"excerpt":{"rendered":"<p>Bienvenue sur le site de Pierre Michel Fioux Une vision nouvelle pour une Terre en \u00e9volution Je suis Pierre Michel Fioux, accompagnant, formateur et explorateur de conscience au service de[\u2026]<\/p>\n","protected":false},"author":1,"featured_media":0,"parent":0,"menu_order":0,"comment_status":"closed","ping_status":"closed","template":"","meta":{"remove_blocks_before_content":false,"remove_blocks_after_content":false,"disable_reading_progress_bar":false,"_uag_custom_page_level_css":"","advgb_blocks_editor_width":"","advgb_blocks_columns_visual_guide":"","footnotes":""},"class_list":["post-9","page","type-page","status-publish","hentry"],"uagb_featured_image_src":{"full":false,"thumbnail":false,"medium":false,"medium_large":false,"large":false,"1536x1536":false,"2048x2048":false,"post-thumbnail":false,"futurio-single":false,"futurio-med":false,"futurio-thumbnail":false},"uagb_author_info":{"display_name":"","author_link":"https:\/\/geobiologue-neoevolutionterre.com\/?author=1"},"uagb_comment_info":0,"uagb_excerpt":"Bienvenue sur le site de Pierre Michel Fioux Une vision nouvelle pour une Terre en \u00e9volution Je suis Pierre Michel Fioux, accompagnant, formateur et explorateur de conscience au service de[\u2026]","coauthors":[],"author_meta":{"author_link":"https:\/\/geobiologue-neoevolutionterre.com\/?author=1","display_name":""},"relative_dates":{"created":"Posted 11 months ago","modified":"Updated 4 days ago"},"absolute_dates":{"created":"Posted on 12 June 2025","modified":"Updated on 26 April 2026"},"absolute_dates_time":{"created":"Posted on 12 June 2025 15h19","modified":"Updated on 26 April 2026 16h24"},"featured_img_caption":"","featured_img":false,"series_order":"","_links":{"self":[{"href":"https:\/\/geobiologue-neoevolutionterre.com\/index.php?rest_route=\/wp\/v2\/pages\/9","targetHints":{"allow":["GET"]}}],"collection":[{"href":"https:\/\/geobiologue-neoevolutionterre.com\/index.php?rest_route=\/wp\/v2\/pages"}],"about":[{"href":"https:\/\/geobiologue-neoevolutionterre.com\/index.php?rest_route=\/wp\/v2\/types\/page"}],"author":[{"embeddable":true,"href":"https:\/\/geobiologue-neoevolutionterre.com\/index.php?rest_route=\/wp\/v2\/users\/1"}],"replies":[{"embeddable":true,"href":"https:\/\/geobiologue-neoevolutionterre.com\/index.php?rest_route=%2Fwp%2Fv2%2Fcomments&post=9"}],"version-history":[{"count":16,"href":"https:\/\/geobiologue-neoevolutionterre.com\/index.php?rest_route=\/wp\/v2\/pages\/9\/revisions"}],"predecessor-version":[{"id":457,"href":"https:\/\/geobiologue-neoevolutionterre.com\/index.php?rest_route=\/wp\/v2\/pages\/9\/revisions\/457"}],"wp:attachment":[{"href":"https:\/\/geobiologue-neoevolutionterre.com\/index.php?rest_route=%2Fwp%2Fv2%2Fmedia&parent=9"}],"curies":[{"name":"wp","href":"https:\/\/api.w.org\/{rel}","templated":true}]}}