{"id":56,"date":"2025-06-21T10:58:56","date_gmt":"2025-06-21T08:58:56","guid":{"rendered":"https:\/\/geobiologue-neoevolutionterre.com\/?page_id=56"},"modified":"2026-03-22T16:53:27","modified_gmt":"2026-03-22T15:53:27","slug":"purification-neoevolutionterre","status":"publish","type":"page","link":"https:\/\/geobiologue-neoevolutionterre.com\/?page_id=56","title":{"rendered":"*Rem\u00e9diation \/ N\u00e9oEvolutionTerre-Academy\u00ae"},"content":{"rendered":"\n<div class=\"wp-block-media-text is-stacked-on-mobile\" style=\"grid-template-columns:24% auto\"><figure class=\"wp-block-media-text__media\"><img loading=\"lazy\" decoding=\"async\" width=\"973\" height=\"1024\" src=\"https:\/\/geobiologue-neoevolutionterre.com\/wp-content\/uploads\/2025\/06\/index2-2-973x1024.jpg\" alt=\"\" class=\"wp-image-59 size-full\" srcset=\"https:\/\/geobiologue-neoevolutionterre.com\/wp-content\/uploads\/2025\/06\/index2-2-973x1024.jpg 973w, https:\/\/geobiologue-neoevolutionterre.com\/wp-content\/uploads\/2025\/06\/index2-2-285x300.jpg 285w, https:\/\/geobiologue-neoevolutionterre.com\/wp-content\/uploads\/2025\/06\/index2-2-768x808.jpg 768w, https:\/\/geobiologue-neoevolutionterre.com\/wp-content\/uploads\/2025\/06\/index2-2.jpg 1296w\" sizes=\"auto, (max-width: 973px) 100vw, 973px\" \/><\/figure><div class=\"wp-block-media-text__content\">\n<h2 class=\"wp-block-heading\" id=\"identifier-corriger-des-perturbations-geobiologiques-pollutions-subtiles-des-lieux-habitations-ou-travail-et-de-personnes\" id=\"identifier-corriger-des-perturbations-geobiologiques-pollutions-subtiles-des-lieux-habitations-ou-travail-et-de-personnes\">*Identifier, corriger des perturbations g\u00e9obiologiques&nbsp;&amp; Pollutions subtiles des lieux, habitations ou travail et de personnes.<\/h2>\n<\/div><\/div>\n\n\n\n<p>En tant que fondateur et formateur de cette nouvelle approche en g\u00e9obiologie quantique, je suis ravi de partager avec vous les fondamentaux et les avantages de cette discipline r\u00e9volutionnaire. La g\u00e9obiologie quantique, \u00e9galement connue sous le nom de g\u00e9obiologie universelle, est une m\u00e9thode innovante qui combine les principes de la g\u00e9obiologie traditionnelle avec les avanc\u00e9es de la physique quantique pour offrir une compr\u00e9hension plus profonde et plus holistique de notre environnement.<\/p>\n\n\n\n<div class=\"wp-block-advgb-accordions advgb-accordions-bfcd4568-865a-4104-90da-b73b1130c9a8 advgb-accordion-wrapper\">\n<div class=\"wp-block-advgb-accordion-item advgb-accordion-item\" style=\"margin-bottom:15px\"><div class=\"advgb-accordion-header\" style=\"background-color:#03224c;color:#eee;border-style:solid;border-width:1px;border-radius:2px\"><span class=\"advgb-accordion-header-icon accordion-state\"><svg class=\"advgb-icon-closed\" fill=\"#fff\" xmlns=\"http:\/\/www.w3.org\/2000\/svg\" width=\"24\" height=\"24\" viewBox=\"0 0 24 24\"><path fill=\"none\" d=\"M0,0h24v24H0V0z\"><\/path><path d=\"M12,5.83L15.17,9l1.41-1.41L12,3L7.41,7.59L8.83,9L12,5.83z M12,18.17L8.83,15l-1.41,1.41L12,21l4.59-4.59L15.17,15 L12,18.17z\"><\/path><\/svg><svg class=\"advgb-icon-opened\" fill=\"#fff\" xmlns=\"http:\/\/www.w3.org\/2000\/svg\" width=\"24\" height=\"24\" viewBox=\"0 0 24 24\"><path fill=\"none\" d=\"M0,0h24v24H0V0z\"><\/path><path d=\"M7.41,18.59L8.83,20L12,16.83L15.17,20l1.41-1.41L12,14L7.41,18.59z M16.59,5.41L15.17,4L12,7.17L8.83,4L7.41,5.41L12,10L16.59,5.41z\"><\/path><\/svg><\/span><h4 class=\"advgb-accordion-header-title\" style=\"color:inherit\" id=\"principes-de-la-geobiologie-universelle\" id=\"principes-de-la-geobiologie-universelle\">Principes de la g\u00e9obiologie Universelle<\/h4><\/div><div class=\"advgb-accordion-body\" style=\"border-style:solid !important;border-width:1px !important;border-color:undefined !important;border-top:none !important;border-radius:2px !important\">\n<p>La g\u00e9obiologie quantique est bas\u00e9e sur l\u2019id\u00e9e que tout dans l\u2019univers est interconnect\u00e9 au niveau \u00e9nerg\u00e9tique et vibratoire. Tout repose sur la r\u00e9sonance.Les lois de la physique quantique nous montrent que tout es reli\u00e9, au-dela du temps et de l&#8217;espace. Par cette connexion invisible, il devient possible de dialoguer avec la conscience d&#8217;un lieu, d&#8217;en percevoir les vibrations et de les r\u00e9acorder, comme on harmoniserait les cordes d&#8217;un instrument pour retrouver la justesse du son.Cette approche utilise les concepts de la physique quantique pour analyser et harmoniser les \u00e9nergies pr\u00e9sentes dans notre environnement, que ce soit notre maison, notre lieu de travail ou tout autre espace de vie. L\u2019objectif principal est de cr\u00e9er des espaces harmonieux qui favorisent le bien-\u00eatre et la sant\u00e9 des individus.<\/p>\n<\/div><\/div>\n\n\n\n<div class=\"wp-block-advgb-accordion-item advgb-accordion-item\" style=\"margin-bottom:15px\"><div class=\"advgb-accordion-header\" style=\"background-color:#03224c;color:#eee;border-style:solid;border-width:1px;border-radius:2px\"><span class=\"advgb-accordion-header-icon accordion-state\"><svg class=\"advgb-icon-closed\" fill=\"#fff\" xmlns=\"http:\/\/www.w3.org\/2000\/svg\" width=\"24\" height=\"24\" viewBox=\"0 0 24 24\"><path fill=\"none\" d=\"M0,0h24v24H0V0z\"><\/path><path d=\"M12,5.83L15.17,9l1.41-1.41L12,3L7.41,7.59L8.83,9L12,5.83z M12,18.17L8.83,15l-1.41,1.41L12,21l4.59-4.59L15.17,15 L12,18.17z\"><\/path><\/svg><svg class=\"advgb-icon-opened\" fill=\"#fff\" xmlns=\"http:\/\/www.w3.org\/2000\/svg\" width=\"24\" height=\"24\" viewBox=\"0 0 24 24\"><path fill=\"none\" d=\"M0,0h24v24H0V0z\"><\/path><path d=\"M7.41,18.59L8.83,20L12,16.83L15.17,20l1.41-1.41L12,14L7.41,18.59z M16.59,5.41L15.17,4L12,7.17L8.83,4L7.41,5.41L12,10L16.59,5.41z\"><\/path><\/svg><\/span><h4 class=\"advgb-accordion-header-title\" style=\"color:inherit\" id=\"applications-pratiques\" id=\"applications-pratiques\">Applications pratiques<\/h4><\/div><div class=\"advgb-accordion-body\" style=\"border-style:solid !important;border-width:1px !important;border-color:undefined !important;border-top:none !important;border-radius:2px !important\">\n<p>Les applications de la g\u00e9obiologie quantique sont vastes et vari\u00e9es. Par exemple, gr\u00e2ce \u00e0 des techniques de d\u00e9tection et d\u2019analyse \u00e9nerg\u00e9tiques, il est possible d\u2019identifier et de corriger des perturbations g\u00e9obiologiques telles que les \u00e9coulements d\u2019eau souterraine, les failles g\u00e9ologiques et les r\u00e9seaux telluriques. Ces interventions peuvent am\u00e9liorer la qualit\u00e9 du s\u00e9jour, r\u00e9duire le stress et augmenter la vitalit\u00e9 des occupants d\u2019un espace.<\/p>\n<\/div><\/div>\n\n\n\n<div class=\"wp-block-advgb-accordion-item advgb-accordion-item\" style=\"margin-bottom:15px\"><div class=\"advgb-accordion-header\" style=\"background-color:#03224c;color:#eee;border-style:solid;border-width:1px;border-radius:2px\"><span class=\"advgb-accordion-header-icon accordion-state\"><svg class=\"advgb-icon-closed\" fill=\"#fff\" xmlns=\"http:\/\/www.w3.org\/2000\/svg\" width=\"24\" height=\"24\" viewBox=\"0 0 24 24\"><path fill=\"none\" d=\"M0,0h24v24H0V0z\"><\/path><path d=\"M12,5.83L15.17,9l1.41-1.41L12,3L7.41,7.59L8.83,9L12,5.83z M12,18.17L8.83,15l-1.41,1.41L12,21l4.59-4.59L15.17,15 L12,18.17z\"><\/path><\/svg><svg class=\"advgb-icon-opened\" fill=\"#fff\" xmlns=\"http:\/\/www.w3.org\/2000\/svg\" width=\"24\" height=\"24\" viewBox=\"0 0 24 24\"><path fill=\"none\" d=\"M0,0h24v24H0V0z\"><\/path><path d=\"M7.41,18.59L8.83,20L12,16.83L15.17,20l1.41-1.41L12,14L7.41,18.59z M16.59,5.41L15.17,4L12,7.17L8.83,4L7.41,5.41L12,10L16.59,5.41z\"><\/path><\/svg><\/span><h4 class=\"advgb-accordion-header-title\" style=\"color:inherit\" id=\"formation-et-accompagnement\" id=\"formation-et-accompagnement\">Formation et Accompagnement<\/h4><\/div><div class=\"advgb-accordion-body\" style=\"border-style:solid !important;border-width:1px !important;border-color:undefined !important;border-top:none !important;border-radius:2px !important\">\n<p>En tant que formateur de ma m\u00e9thode, j&#8217;offre des programmes de formation complets pour ceux qui souhaitent approfondir leurs connaissances en g\u00e9obiologie quantique. Ces cours comprennent des modules th\u00e9oriques et pratiques, permettant aux participants d\u2019acqu\u00e9rir les comp\u00e9tences n\u00e9cessaires pour appliquer ces techniques dans leur propre vie ou dans le cadre de leur pratique professionnelle sur l&#8217;ensemble des continents. Les cours sont adapt\u00e9s \u00e0 tous les niveaux, du d\u00e9butant au pratiquant exp\u00e9riment\u00e9.<\/p>\n<\/div><\/div>\n\n\n\n<div class=\"wp-block-advgb-accordion-item advgb-accordion-item\" style=\"margin-bottom:15px\"><div class=\"advgb-accordion-header\" style=\"background-color:#03224c;color:#eee;border-style:solid;border-width:1px;border-radius:2px\"><span class=\"advgb-accordion-header-icon accordion-state\"><svg class=\"advgb-icon-closed\" fill=\"#fff\" xmlns=\"http:\/\/www.w3.org\/2000\/svg\" width=\"24\" height=\"24\" viewBox=\"0 0 24 24\"><path fill=\"none\" d=\"M0,0h24v24H0V0z\"><\/path><path d=\"M12,5.83L15.17,9l1.41-1.41L12,3L7.41,7.59L8.83,9L12,5.83z M12,18.17L8.83,15l-1.41,1.41L12,21l4.59-4.59L15.17,15 L12,18.17z\"><\/path><\/svg><svg class=\"advgb-icon-opened\" fill=\"#fff\" xmlns=\"http:\/\/www.w3.org\/2000\/svg\" width=\"24\" height=\"24\" viewBox=\"0 0 24 24\"><path fill=\"none\" d=\"M0,0h24v24H0V0z\"><\/path><path d=\"M7.41,18.59L8.83,20L12,16.83L15.17,20l1.41-1.41L12,14L7.41,18.59z M16.59,5.41L15.17,4L12,7.17L8.83,4L7.41,5.41L12,10L16.59,5.41z\"><\/path><\/svg><\/span><h4 class=\"advgb-accordion-header-title\" style=\"color:inherit\" id=\"exemples-concrets\" id=\"exemples-concrets\">Exemples concrets<\/h4><\/div><div class=\"advgb-accordion-body\" style=\"border-style:solid !important;border-width:1px !important;border-color:undefined !important;border-top:none !important;border-radius:2px !important\">\n<p>Un exemple concret d\u2019application de la g\u00e9obiologie quantique est l\u2019harmonisation d\u2019une maison situ\u00e9e sur une faille g\u00e9ologique. Apr\u00e8s une analyse \u00e9nerg\u00e9tique d\u00e9taill\u00e9e, des corrections ont \u00e9t\u00e9 apport\u00e9es pour neutraliser les effets n\u00e9gatifs de la probl\u00e9matique, ce qui conduit \u00e0 une am\u00e9lioration significative du bien-\u00eatre des occupants tout en restant \u00e0 votre bureau. Un autre exemple est l\u2019optimisation \u00e9nerg\u00e9tique d\u2019un espace de travail, permettant d\u2019augmenter la productivit\u00e9 et de r\u00e9duire le taux d\u2019absent\u00e9isme.<\/p>\n<\/div><\/div>\n\n\n\n<div class=\"wp-block-advgb-accordion-item advgb-accordion-item\" style=\"margin-bottom:15px\"><div class=\"advgb-accordion-header\" style=\"background-color:#03224c;color:#eee;border-style:solid;border-width:1px;border-radius:2px\"><span class=\"advgb-accordion-header-icon accordion-state\"><svg class=\"advgb-icon-closed\" fill=\"#fff\" xmlns=\"http:\/\/www.w3.org\/2000\/svg\" width=\"24\" height=\"24\" viewBox=\"0 0 24 24\"><path fill=\"none\" d=\"M0,0h24v24H0V0z\"><\/path><path d=\"M12,5.83L15.17,9l1.41-1.41L12,3L7.41,7.59L8.83,9L12,5.83z M12,18.17L8.83,15l-1.41,1.41L12,21l4.59-4.59L15.17,15 L12,18.17z\"><\/path><\/svg><svg class=\"advgb-icon-opened\" fill=\"#fff\" xmlns=\"http:\/\/www.w3.org\/2000\/svg\" width=\"24\" height=\"24\" viewBox=\"0 0 24 24\"><path fill=\"none\" d=\"M0,0h24v24H0V0z\"><\/path><path d=\"M7.41,18.59L8.83,20L12,16.83L15.17,20l1.41-1.41L12,14L7.41,18.59z M16.59,5.41L15.17,4L12,7.17L8.83,4L7.41,5.41L12,10L16.59,5.41z\"><\/path><\/svg><\/span><h4 class=\"advgb-accordion-header-title\" style=\"color:inherit\" id=\"conclusion\" id=\"conclusion\">Conclusion<\/h4><\/div><div class=\"advgb-accordion-body\" style=\"border-style:solid !important;border-width:1px !important;border-color:undefined !important;border-top:none !important;border-radius:2px !important\">\n<p>La g\u00e9obiologie quantique offre une nouvelle perspective sur la fa\u00e7on dont nous interagissons avec notre environnement. En int\u00e9grant les principes de la physique quantique Universelle, cette approche nous permet de cr\u00e9er des espaces de vie et de travail plus harmonieux et b\u00e9n\u00e9fiques pour notre sant\u00e9. Je vous invite \u00e0 d\u00e9couvrir cette discipline passionnante et \u00e0 explorer les nombreuses possibilit\u00e9s qu&#8217;elle offre pour am\u00e9liorer votre qualit\u00e9 de vie.<\/p>\n<\/div><\/div>\n<\/div>\n\n\n\n<h3 class=\"wp-block-heading\" id=\"degagement-des-lieux-ou-des-personnes\">D\u00e9gagement des lieux ou des personnes<\/h3>\n\n\n\n<p>Qu&#8217;il s&#8217;agisse d&#8217;une maison ancienne ou r\u00e9cente, ou m\u00eame de l&#8217;acquisition d&#8217;un terrain en vue de construire, il est b\u00e9n\u00e9fique et parfois n\u00e9cessaire de purifier l&#8217;endroit.&nbsp;<\/p>\n\n\n\n<p>Je vous propose un devis en fonction de la nature de l&#8217;intervention.<\/p>\n\n\n\n<p>D\u00e9couvrez la qualit\u00e9 \u00e9nerg\u00e9tique de votre habitat qui peut \u00eatre \u00e0 l&#8217;origine de nombreux troubles corporels.&nbsp;<\/p>\n\n\n\n<h3 class=\"wp-block-heading\" id=\"geobiologie-methode-neoevolutionterre\">G\u00e9obiologie &#8211; M\u00e9thode&nbsp;N\u00e9oEvolutionTerre\u00ae<\/h3>\n\n\n\n<ul class=\"wp-block-list\">\n<li>Recherche des influences telluriques &amp; \u00e9nerg\u00e9tiques<br>(cours d&#8217;eau, failles, r\u00e9seaux Hartmann, Curry, grand diagonal, chemin\u00e9es cosmo-telluriques, m\u00e9moires \u00e9nerg\u00e9tiques, etc&#8230;)<\/li>\n\n\n\n<li>Par adresse du site, point gps, N\u00b0 cadastre&nbsp;<\/li>\n\n\n\n<li>&nbsp;Analyse tellurique &amp; \u00e9nerg\u00e9tique&nbsp;<\/li>\n<\/ul>\n\n\n\n<div class=\"wp-block-buttons is-layout-flex wp-block-buttons-is-layout-flex\">\n<div class=\"wp-block-button has-custom-width wp-block-button__width-100\"><a class=\"wp-block-button__link has-background has-text-align-center wp-element-button\" style=\"background-color:#03224c\"><strong>Proposition d&#8217;un diagnostique de l\u2019\u00e9tat vibratoire du lieu&nbsp;gratuit<br>(Si vous \u00eates envoy\u00e9 (es) part un praticien, clinicien)<\/strong><\/a><\/div>\n<\/div>\n\n\n\n<p class=\"has-text-align-center\"><strong><mark style=\"background-color:rgba(0, 0, 0, 0)\" class=\"has-inline-color has-vivid-red-color\">Autre, un montant de 20\u20ac vous sera demand\u00e9.<\/mark><\/strong><\/p>\n","protected":false},"excerpt":{"rendered":"<p>*Identifier, corriger des perturbations g\u00e9obiologiques&nbsp;&amp; Pollutions subtiles des lieux, habitations ou travail et de personnes.<br \/> En tant que fondateur et formateur de cette nouvelle approche en g\u00e9obiologie quantique, je suis[\u2026]<\/p>\n","protected":false},"author":1,"featured_media":0,"parent":13,"menu_order":0,"comment_status":"closed","ping_status":"closed","template":"","meta":{"remove_blocks_before_content":false,"remove_blocks_after_content":false,"disable_reading_progress_bar":false,"_uag_custom_page_level_css":"","advgb_blocks_editor_width":"","advgb_blocks_columns_visual_guide":"","footnotes":""},"class_list":["post-56","page","type-page","status-publish","hentry"],"uagb_featured_image_src":{"full":false,"thumbnail":false,"medium":false,"medium_large":false,"large":false,"1536x1536":false,"2048x2048":false,"post-thumbnail":false,"futurio-single":false,"futurio-med":false,"futurio-thumbnail":false},"uagb_author_info":{"display_name":"","author_link":"https:\/\/geobiologue-neoevolutionterre.com\/?author=1"},"uagb_comment_info":0,"uagb_excerpt":"*Identifier, corriger des perturbations g\u00e9obiologiques&nbsp;&amp; Pollutions subtiles des lieux, habitations ou travail et de personnes. En tant que fondateur et formateur de cette nouvelle approche en g\u00e9obiologie quantique, je suis[\u2026]","coauthors":[],"author_meta":{"author_link":"https:\/\/geobiologue-neoevolutionterre.com\/?author=1","display_name":""},"relative_dates":{"created":"Posted 10 months ago","modified":"Updated 1 month ago"},"absolute_dates":{"created":"Posted on 21 June 2025","modified":"Updated on 22 March 2026"},"absolute_dates_time":{"created":"Posted on 21 June 2025 10h58","modified":"Updated on 22 March 2026 16h53"},"featured_img_caption":"","featured_img":false,"series_order":"","_links":{"self":[{"href":"https:\/\/geobiologue-neoevolutionterre.com\/index.php?rest_route=\/wp\/v2\/pages\/56","targetHints":{"allow":["GET"]}}],"collection":[{"href":"https:\/\/geobiologue-neoevolutionterre.com\/index.php?rest_route=\/wp\/v2\/pages"}],"about":[{"href":"https:\/\/geobiologue-neoevolutionterre.com\/index.php?rest_route=\/wp\/v2\/types\/page"}],"author":[{"embeddable":true,"href":"https:\/\/geobiologue-neoevolutionterre.com\/index.php?rest_route=\/wp\/v2\/users\/1"}],"replies":[{"embeddable":true,"href":"https:\/\/geobiologue-neoevolutionterre.com\/index.php?rest_route=%2Fwp%2Fv2%2Fcomments&post=56"}],"version-history":[{"count":18,"href":"https:\/\/geobiologue-neoevolutionterre.com\/index.php?rest_route=\/wp\/v2\/pages\/56\/revisions"}],"predecessor-version":[{"id":439,"href":"https:\/\/geobiologue-neoevolutionterre.com\/index.php?rest_route=\/wp\/v2\/pages\/56\/revisions\/439"}],"up":[{"embeddable":true,"href":"https:\/\/geobiologue-neoevolutionterre.com\/index.php?rest_route=\/wp\/v2\/pages\/13"}],"wp:attachment":[{"href":"https:\/\/geobiologue-neoevolutionterre.com\/index.php?rest_route=%2Fwp%2Fv2%2Fmedia&parent=56"}],"curies":[{"name":"wp","href":"https:\/\/api.w.org\/{rel}","templated":true}]}}